{"id":262,"date":"2019-10-20T22:32:31","date_gmt":"2019-10-20T22:32:31","guid":{"rendered":"https:\/\/zinequeen.littlethemeshop.com\/?page_id=262"},"modified":"2026-02-13T10:45:18","modified_gmt":"2026-02-13T09:45:18","slug":"o-mnie","status":"publish","type":"page","link":"https:\/\/summergamine.pl\/index.php\/o-mnie\/","title":{"rendered":"O mnie"},"content":{"rendered":"\n<div class=\"wp-block-cover is-light\"><img decoding=\"async\" class=\"wp-block-cover__image-background wp-image-868 lazyload\" alt=\"\" src=\"https:\/\/summergamine.pl\/wp-content\/themes\/honey-glow-block\/images\/placeholder.gif\" style=\"object-position:51% 53%\" data-object-fit=\"cover\" data-object-position=\"51% 53%\" data-src=\"https:\/\/littlethemeshop.com\/honeyglow\/wp-content\/uploads\/sites\/67\/2010\/10\/pexels-gianne-karla-tolentino-172748.jpg\" data-srcset=\"\" srcset=\"\"><span aria-hidden=\"true\" class=\"wp-block-cover__background has-background-dim\"><\/span><div class=\"wp-block-cover__inner-container is-layout-flow wp-block-cover-is-layout-flow\">\n<p class=\"has-text-align-center has-large-font-size\"><\/p>\n<\/div><\/div>\n\n\n\n<p class=\"has-text-align-center\">Od ponad dw&oacute;ch lat wykonuj&#281; analizy kolorystyczne online, a obecnie rozwijam r&oacute;wnie&#380; ofert&#281; analiz mobilnych. Pracuj&#281; stacjonarnie w wybranych gminach powiat&oacute;w radziejowskiego i koni&#324;skiego. Stale pog&#322;&#281;biam swoj&#261; wiedz&#281; i ucz&#281; si&#281; od najbardziej do&#347;wiadczonych kolorystek w Polsce. Uko&#324;czy&#322;am szkolenia z zakresu analizy kolorystycznej prowadzone przez Aleksandr&#281; Fr&#261;tczak-Bi&#347;, Ann&#281; Piwowarczyk oraz Ann&#281; Ciechomsk&#261;.<\/p>\n\n\n\n<p class=\"has-text-align-center\">W pracy z klientkami wykorzystuj&#281; profesjonalne narz&#281;dzia do analiz mobilnych, w tym zestaw ponad 300 chust garderobianych oraz blisko 1000 pr&oacute;bek kolor&oacute;w. Dzi&#281;ki nim mo&#380;liwe jest zobaczenie na w&#322;asne oczy, jak odpowiednio dobrane barwy wp&#322;ywaj&#261; na urod&#281; i og&oacute;lny odbi&oacute;r wizerunku.<\/p>\n\n\n\n<p class=\"has-text-align-center\"><strong>Najwi&#281;ksz&#261; satysfakcj&#281; daje mi moment, w kt&oacute;rym kobiety zaczynaj&#261; patrze&#263; na siebie z wi&#281;ksz&#261; uwa&#380;no&#347;ci&#261; i pewno&#347;ci&#261;, a codzienne wybory kolor&oacute;w przestaj&#261; by&#263; problemem, a staj&#261; si&#281; naturalne i intuicyjne.<\/strong><\/p>\n\n\n\n<figure class=\"wp-block-gallery has-nested-images columns-4 is-cropped wp-block-gallery-1 is-layout-flex wp-block-gallery-is-layout-flex\">\n<figure class=\"wp-block-image size-large\"><img decoding=\"async\" data-id=\"562\" src=\"https:\/\/summergamine.pl\/wp-content\/themes\/honey-glow-block\/images\/placeholder.gif\" alt=\"\" class=\"wp-image-562 lazyload\" data-src=\"https:\/\/summergamine.pl\/wp-content\/uploads\/2024\/06\/5-1024x1024.png\" data-srcset=\"\" srcset=\"\"><\/figure>\n\n\n\n<figure class=\"wp-block-image size-large\"><img decoding=\"async\" data-id=\"549\" src=\"https:\/\/summergamine.pl\/wp-content\/themes\/honey-glow-block\/images\/placeholder.gif\" alt=\"\" class=\"wp-image-549 lazyload\" data-src=\"https:\/\/summergamine.pl\/wp-content\/uploads\/2024\/06\/projekt-1024x1024.png\" data-srcset=\"\" srcset=\"\"><\/figure>\n\n\n\n<figure class=\"wp-block-image size-large\"><img decoding=\"async\" data-id=\"452\" src=\"https:\/\/summergamine.pl\/wp-content\/themes\/honey-glow-block\/images\/placeholder.gif\" alt=\"\" class=\"wp-image-452 lazyload\" data-src=\"https:\/\/summergamine.pl\/wp-content\/uploads\/2024\/05\/Bez-tytulu-210-x-297-mm-724x1024.jpg\" data-srcset=\"\" srcset=\"\"><\/figure>\n\n\n\n<figure class=\"wp-block-image size-large\"><img decoding=\"async\" data-id=\"550\" src=\"https:\/\/summergamine.pl\/wp-content\/themes\/honey-glow-block\/images\/placeholder.gif\" alt=\"\" class=\"wp-image-550 lazyload\" data-src=\"https:\/\/summergamine.pl\/wp-content\/uploads\/2024\/06\/projekt2-1024x1024.png\" data-srcset=\"\" srcset=\"\"><\/figure>\n<\/figure>\n\n\n\n<div class=\"little-widget little-widget_widget_little_widgets_mission_section \">\n\n\n\t\t<div class=\"little-widgets-section little-widgets-mission-section  \">\n\n\n\t\t \n\n\t\t\t\t\t\t\t\t<div class=\"little-widgets-content\">\n\n\t\t\t\t\t\n\t\t\t\t\t\t\t\t\t\t\t\t<div class=\"little-widgets-mission-information\">\n\n\t\t\t\t\t\t\t\t\t\t<h2 class=\"little-widgets-title\">Um&oacute;w si&#281; na analiz&#281; kolorystyczn&#261; ju&#380; dzisiaj!<\/h2>\n\t\t\t\n\t\t\t\t\t\t\t\t<div class=\"little-widgets-text\"><p><\/p><p>Poznaj kolory, kt&oacute;re podkre&#347;l&#261; Twoj&#261; urod&#281;.<\/p>\n<\/div>\n\t\t\t\t\t\t\n\t\t\t\t\t\t\t<div class=\"little-widgets-button-holder\">\n\t\t\t\t\t<a class=\"little-widgets-button button\" href=\"https:\/\/summergamine.pl\/index.php\/kontakt\/\">Skontaktuj si&#281; ze mn&#261;<\/a>\n\n\t\t\t\t<\/div>\n\t\t\t\n\t\t\t\t\t\t\n\t\t\t\t\t\t\t\t\t\t<\/div>\n\n\t\t\t\t\t\n\t\t\t\t\t\t<\/div>\n\t\t\t\n\t\t\t \n\t\t\t\t<\/div>\n\n\t<\/div>\n\n\n<p><\/p>\n\n","protected":false},"excerpt":{"rendered":"<p>Moja przygoda z kolorami rozpocz\u0119\u0142a si\u0119 ju\u017c na studiach licencjackich na Wydziale Sztuk Pi\u0119knych Uniwersytetu Miko\u0142aja Kopernika w Toruniu. W kontek\u015bcie urody i pracy z kobietami na dobre rozwin\u0119\u0142a si\u0119 jednak kilka lat temu, gdy zosta\u0142am mam\u0105. To w\u0142a\u015bnie wtedy wraz z nowymi do\u015bwiadczeniami i potrzeb\u0105 zmian w garderobie pojawi\u0142o si\u0119 zainteresowanie analiz\u0105 kolorystyczn\u0105 jako narz\u0119dziem do budowania sp\u00f3jnego wizerunku.<\/p>\n","protected":false},"author":1,"featured_media":1049,"parent":0,"menu_order":1,"comment_status":"closed","ping_status":"closed","template":"page-templates\/page-about.php","meta":{"_acf_changed":false,"om_disable_all_campaigns":false,"_monsterinsights_skip_tracking":false,"_monsterinsights_sitenote_active":false,"_monsterinsights_sitenote_note":"","_monsterinsights_sitenote_category":0,"_uf_show_specific_survey":0,"_uf_disable_surveys":false,"footnotes":""},"class_list":["post-262","page","type-page","status-publish","has-post-thumbnail","hentry"],"aioseo_notices":[],"acf":[],"_links":{"self":[{"href":"https:\/\/summergamine.pl\/index.php\/wp-json\/wp\/v2\/pages\/262","targetHints":{"allow":["GET"]}}],"collection":[{"href":"https:\/\/summergamine.pl\/index.php\/wp-json\/wp\/v2\/pages"}],"about":[{"href":"https:\/\/summergamine.pl\/index.php\/wp-json\/wp\/v2\/types\/page"}],"author":[{"embeddable":true,"href":"https:\/\/summergamine.pl\/index.php\/wp-json\/wp\/v2\/users\/1"}],"replies":[{"embeddable":true,"href":"https:\/\/summergamine.pl\/index.php\/wp-json\/wp\/v2\/comments?post=262"}],"version-history":[{"count":9,"href":"https:\/\/summergamine.pl\/index.php\/wp-json\/wp\/v2\/pages\/262\/revisions"}],"predecessor-version":[{"id":2000,"href":"https:\/\/summergamine.pl\/index.php\/wp-json\/wp\/v2\/pages\/262\/revisions\/2000"}],"wp:featuredmedia":[{"embeddable":true,"href":"https:\/\/summergamine.pl\/index.php\/wp-json\/wp\/v2\/media\/1049"}],"wp:attachment":[{"href":"https:\/\/summergamine.pl\/index.php\/wp-json\/wp\/v2\/media?parent=262"}],"curies":[{"name":"wp","href":"https:\/\/api.w.org\/{rel}","templated":true}]}}